{"id":1727,"date":"2018-05-02T16:42:04","date_gmt":"2018-05-02T09:42:04","guid":{"rendered":"http:\/\/camille.la-studioweb.com\/?page_id=1727"},"modified":"2026-03-13T21:25:46","modified_gmt":"2026-03-13T21:25:46","slug":"contacto","status":"publish","type":"page","link":"https:\/\/www.espectaculossergiosevilla.com\/web\/contacto\/","title":{"rendered":"Contacto"},"content":{"rendered":"<div class=\"wpb-content-wrapper\"><p>[vc_row][vc_column]<div id=\"la_divider69f428f06228b\" class=\"js-el la-divider la-unit-responsive\" data-la_component=\"UnitResponsive\"  data-el_target='#la_divider69f428f06228b'  data-el_media_sizes='{&quot;padding-top&quot;:&quot;lg:50px;&quot;}' ><\/div>\n[\/vc_column][\/vc_row][vc_row][vc_column width=\u00bb1\/2&#8243; offset=\u00bbvc_col-lg-offset-1&#8243;]<div id=\"la_heading_69f428f062642\" class=\"la-headings text-left\"><h2 class=\"js-el heading-tag la-unit-responsive\" style=\"\" >Cont\u00e1ctenos y p\u00eddanos su presupuesto<\/h2><\/div>\n[vc_column_text]Si necesita contratar alguno de nuestros servicios, o tiene alguna pregunta y necesita aclaraci\u00f3n para organizar su evento, no dude en contactar con nosotros a trav\u00e9s de este formulario de contacto. Si le parece mas c\u00f3modo y lo prefiere, puede escribirnos a trav\u00e9s de Whatsapp.[\/vc_column_text]\n<div class=\"wpcf7 no-js\" id=\"wpcf7-f346-o1\" lang=\"en-US\" dir=\"ltr\" data-wpcf7-id=\"346\">\n<div class=\"screen-reader-response\"><p role=\"status\" aria-live=\"polite\" aria-atomic=\"true\"><\/p> <ul><\/ul><\/div>\n<form action=\"\/web\/wp-json\/wp\/v2\/pages\/1727#wpcf7-f346-o1\" method=\"post\" class=\"wpcf7-form init\" aria-label=\"Contact form\" novalidate=\"novalidate\" data-status=\"init\">\n<fieldset class=\"hidden-fields-container\"><input type=\"hidden\" name=\"_wpcf7\" value=\"346\" \/><input type=\"hidden\" name=\"_wpcf7_version\" value=\"6.1.5\" \/><input type=\"hidden\" name=\"_wpcf7_locale\" value=\"en_US\" \/><input type=\"hidden\" name=\"_wpcf7_unit_tag\" value=\"wpcf7-f346-o1\" \/><input type=\"hidden\" name=\"_wpcf7_container_post\" value=\"0\" \/><input type=\"hidden\" name=\"_wpcf7_posted_data_hash\" value=\"\" \/><input type=\"hidden\" name=\"_wpcf7_recaptcha_response\" value=\"\" \/>\n<\/fieldset>\n<div class=\"cf7-style-default\">\n\t<div class=\"row\">\n\t\t<div class=\"col-xs-12\">\n\t\t\t<p><span class=\"wpcf7-form-control-wrap\" data-name=\"your-name\"><input size=\"40\" maxlength=\"400\" class=\"wpcf7-form-control wpcf7-text wpcf7-validates-as-required\" aria-required=\"true\" aria-invalid=\"false\" placeholder=\"Nombre*\" value=\"\" type=\"text\" name=\"your-name\" \/><\/span>\n\t\t\t<\/p>\n\t\t<\/div>\n\t<\/div>\n\t<div class=\"row\">\n\t\t<div class=\"col-xs-12\">\n\t\t\t<p><span class=\"wpcf7-form-control-wrap\" data-name=\"your-email\"><input size=\"40\" maxlength=\"400\" class=\"wpcf7-form-control wpcf7-email wpcf7-validates-as-required wpcf7-text wpcf7-validates-as-email\" aria-required=\"true\" aria-invalid=\"false\" placeholder=\"Email*\" value=\"\" type=\"email\" name=\"your-email\" \/><\/span>\n\t\t\t<\/p>\n\t\t<\/div>\n\t<\/div>\n\t<div class=\"row\">\n\t\t<div class=\"col-xs-12\">\n\t\t\t<p><span class=\"wpcf7-form-control-wrap\" data-name=\"your-phone\"><input size=\"40\" maxlength=\"400\" class=\"wpcf7-form-control wpcf7-text wpcf7-validates-as-required\" aria-required=\"true\" aria-invalid=\"false\" placeholder=\"Telefono*\" value=\"\" type=\"text\" name=\"your-phone\" \/><\/span>\n\t\t\t<\/p>\n\t\t<\/div>\n\t<\/div>\n\t<div class=\"row\">\n\t\t<div class=\"col-xs-12\">\n\t\t\t<p><span class=\"wpcf7-form-control-wrap\" data-name=\"your-message\"><textarea cols=\"40\" rows=\"5\" maxlength=\"2000\" class=\"wpcf7-form-control wpcf7-textarea wpcf7-validates-as-required\" aria-required=\"true\" aria-invalid=\"false\" placeholder=\"Mensaje\" name=\"your-message\"><\/textarea><\/span>\n\t\t\t<\/p>\n\t\t<\/div>\n\t<\/div>\n\t<div class=\"row\">\n\t\t<div class=\"col-xs-12\">\n\t\t\t<p><input class=\"wpcf7-form-control wpcf7-submit has-spinner btn btn-style-flat btn-color-black btn-shape-round\" type=\"submit\" value=\"Enviar\" \/>\n\t\t\t<\/p>\n\t\t<\/div>\n\t<\/div>\n<\/div><p style=\"display: none !important;\" class=\"akismet-fields-container\" data-prefix=\"_wpcf7_ak_\"><label>&#916;<textarea name=\"_wpcf7_ak_hp_textarea\" cols=\"45\" rows=\"8\" maxlength=\"100\"><\/textarea><\/label><input type=\"hidden\" id=\"ak_js_1\" name=\"_wpcf7_ak_js\" value=\"175\"\/><script>document.getElementById( \"ak_js_1\" ).setAttribute( \"value\", ( new Date() ).getTime() );<\/script><\/p><div class=\"wpcf7-response-output\" aria-hidden=\"true\"><\/div>\n<\/form>\n<\/div>\n[\/vc_column][vc_column width=\u00bb1\/2&#8243; offset=\u00bbvc_col-lg-offset-1 vc_col-lg-4&#8243;]<div id=\"la_heading_69f428f06537c\" class=\"la-headings text-left\"><h2 class=\"js-el heading-tag la-unit-responsive\" style=\"\" >Informacion<\/h2><\/div>\n<div id=\"la_divider69f428f0653cd\" class=\"js-el la-divider la-unit-responsive\" data-la_component=\"UnitResponsive\"  data-el_target='#la_divider69f428f0653cd'  data-el_media_sizes='{&quot;padding-top&quot;:&quot;lg:5px;&quot;}' ><\/div>\n<div id=\"la_heading_69f428f065451\" class=\"la-headings text-left\"><h3 class=\"js-el heading-tag la-unit-responsive\" style=\"\"  data-la_component=\"UnitResponsive\"  data-el_target='#la_heading_69f428f065451 .heading-tag'  data-el_media_sizes='{&quot;font-size&quot;:&quot;lg:14px;&quot;,&quot;line-height&quot;:&quot;lg:18px;&quot;}' >Direccion :<\/h3><div class=\"js-el subheading-tag la-unit-responsive\" style=\"\" ><p>Av. dels Tarongers, 15<\/p>\n<p>46950<\/p>\n<p>Xirivella<\/p>\n<p>Val\u00e8ncia<\/p>\n<\/div><\/div>\n<div id=\"la_divider69f428f065551\" class=\"js-el la-divider la-unit-responsive\" data-la_component=\"UnitResponsive\"  data-el_target='#la_divider69f428f065551'  data-el_media_sizes='{&quot;padding-top&quot;:&quot;lg:25px;&quot;}' ><\/div>\n<div id=\"la_heading_69f428f0655bd\" class=\"la-headings text-left\"><h3 class=\"js-el heading-tag la-unit-responsive\" style=\"\"  data-la_component=\"UnitResponsive\"  data-el_target='#la_heading_69f428f0655bd .heading-tag'  data-el_media_sizes='{&quot;font-size&quot;:&quot;lg:14px;&quot;,&quot;line-height&quot;:&quot;lg:18px;&quot;}' >Telefonos de contacto :<\/h3><div class=\"js-el subheading-tag la-unit-responsive\" style=\"\" ><p><a href=\"tel:+34678567876\">Oficinas : (+34) 96 022 04 85<\/a><\/p>\n<p><a href=\"tel:+34622345969\">Logistica : (+34) 622 34 59 69<\/a><\/p>\n<p><a href=\"tel:+34622114023\">Administracion : (+34) 622 11 40 23<\/a><\/p>\n<p><a href=\"tel:+34676846530\">Ventas : (+34) 676 84 65 30<\/a><\/p>\n<\/div><\/div>\n<div id=\"la_divider69f428f0656d2\" class=\"js-el la-divider la-unit-responsive\" data-la_component=\"UnitResponsive\"  data-el_target='#la_divider69f428f0656d2'  data-el_media_sizes='{&quot;padding-top&quot;:&quot;lg:25px;&quot;}' ><\/div>\n<div id=\"la_heading_69f428f065733\" class=\"la-headings text-left\"><h3 class=\"js-el heading-tag la-unit-responsive\" style=\"\"  data-la_component=\"UnitResponsive\"  data-el_target='#la_heading_69f428f065733 .heading-tag'  data-el_media_sizes='{&quot;font-size&quot;:&quot;lg:14px;&quot;,&quot;line-height&quot;:&quot;lg:18px;&quot;}' >Correo Electronico :<\/h3><div class=\"js-el subheading-tag la-unit-responsive\" style=\"\" ><p><a href=\"mailto:info@la-studioweb.com\">info@espectaculossergiosevilla.com<\/a><\/p>\n<\/div><\/div>\n<div id=\"la_divider69f428f0657e3\" class=\"js-el la-divider la-unit-responsive\" data-la_component=\"UnitResponsive\"  data-el_target='#la_divider69f428f0657e3'  data-el_media_sizes='{&quot;padding-top&quot;:&quot;lg:25px;&quot;}' ><\/div>\n<span class=\"social-media-link style-default font-size-20 text-color-secondary\"><a href=\"https:\/\/www.facebook.com\/SevillaEspec\/\" class=\"facebook\" title=\"Facebook\" target=\"_blank\" rel=\"nofollow\"><i class=\"fa fa-facebook\"><\/i><\/a><a href=\"https:\/\/www.youtube.com\/channel\/UCc3lJhUqG-2ZqZxFcdTFpIw\" class=\"youtube\" title=\"youtube\" target=\"_blank\" rel=\"nofollow\"><i class=\"fa fa-youtube-play\"><\/i><\/a><\/span>[\/vc_column][\/vc_row][vc_row][vc_column]<div id=\"la_divider69f428f065b41\" class=\"js-el la-divider la-unit-responsive\" data-la_component=\"UnitResponsive\"  data-el_target='#la_divider69f428f065b41'  data-el_media_sizes='{&quot;padding-top&quot;:&quot;lg:70px;&quot;}' ><\/div>\n[\/vc_column][\/vc_row]<\/p>\n<\/div>","protected":false},"excerpt":{"rendered":"<p>[vc_row][vc_column][\/vc_column][\/vc_row][vc_row][vc_column width=\u00bb1\/2&#8243; offset=\u00bbvc_col-lg-offset-1&#8243;][vc_column_text]Si necesita contratar alguno de nuestros servicios, o tiene alguna pregunta y necesita aclaraci\u00f3n para organizar su evento, no dude en contactar con&hellip;<\/p>\n","protected":false},"author":1,"featured_media":0,"parent":0,"menu_order":0,"comment_status":"closed","ping_status":"closed","template":"","meta":{"_joinchat":[],"footnotes":""},"class_list":["post-1727","page","type-page","status-publish","hentry"],"_links":{"self":[{"href":"https:\/\/www.espectaculossergiosevilla.com\/web\/wp-json\/wp\/v2\/pages\/1727","targetHints":{"allow":["GET"]}}],"collection":[{"href":"https:\/\/www.espectaculossergiosevilla.com\/web\/wp-json\/wp\/v2\/pages"}],"about":[{"href":"https:\/\/www.espectaculossergiosevilla.com\/web\/wp-json\/wp\/v2\/types\/page"}],"author":[{"embeddable":true,"href":"https:\/\/www.espectaculossergiosevilla.com\/web\/wp-json\/wp\/v2\/users\/1"}],"replies":[{"embeddable":true,"href":"https:\/\/www.espectaculossergiosevilla.com\/web\/wp-json\/wp\/v2\/comments?post=1727"}],"version-history":[{"count":42,"href":"https:\/\/www.espectaculossergiosevilla.com\/web\/wp-json\/wp\/v2\/pages\/1727\/revisions"}],"predecessor-version":[{"id":5200,"href":"https:\/\/www.espectaculossergiosevilla.com\/web\/wp-json\/wp\/v2\/pages\/1727\/revisions\/5200"}],"wp:attachment":[{"href":"https:\/\/www.espectaculossergiosevilla.com\/web\/wp-json\/wp\/v2\/media?parent=1727"}],"curies":[{"name":"wp","href":"https:\/\/api.w.org\/{rel}","templated":true}]}}