{"id":4981,"date":"2024-01-17T19:04:02","date_gmt":"2024-01-17T19:04:02","guid":{"rendered":"http:\/\/www.espectaculossergiosevilla.com\/web\/?page_id=4981"},"modified":"2025-09-19T12:27:18","modified_gmt":"2025-09-19T12:27:18","slug":"wonka-el-espectaculo","status":"publish","type":"page","link":"https:\/\/www.espectaculossergiosevilla.com\/web\/wonka-el-espectaculo\/","title":{"rendered":"WONKA EL ESPECTACULO"},"content":{"rendered":"<div class=\"wpb-content-wrapper\"><p>[vc_row][vc_column width=\u00bb1\/2&#8243;][vc_single_image image=\u00bb5166&#8243; img_size=\u00bb\u00bb alignment=\u00bbcenter\u00bb style=\u00bbvc_box_outline\u00bb onclick=\u00bblink_image\u00bb css=\u00bb\u00bb][\/vc_column][vc_column width=\u00bb1\/2&#8243;][vc_text_separator title=\u00bbSinopsis :\u00bb title_align=\u00bbseparator_align_left\u00bb][vc_column_text]Charlie, es un ni\u00f1o proveniente de una familia pobre que pasa la mayor parte de su tiempo, so\u00f1ando con visitar y conocer, la famosa f\u00e1brica de chocolate de su ciudad.<\/p>\n<p>Las cosas cambian, cuando Willy Wonka, el due\u00f1o del famoso imperio Wonka Chocolates, anuncia la celebraci\u00f3n de un concurso, donde aquel que encuentre un billete dorado entre millones de tabletas de chocolate Wonka, se convertir\u00e1, en el nuevo propietario de Wonka Chocolates.[\/vc_column_text][vc_text_separator title=\u00bbGaleria :\u00bb title_align=\u00bbseparator_align_left\u00bb][vc_gallery type=\u00bbimage_grid\u00bb images=\u00bb5123,5124,5125,5126,5127,5128&#8243; img_size=\u00bb135&#215;135&#8243;][\/vc_column][\/vc_row][vc_row][vc_column]\n<div class=\"wpcf7 no-js\" id=\"wpcf7-f2652-o1\" lang=\"en-US\" dir=\"ltr\" data-wpcf7-id=\"2652\">\n<div class=\"screen-reader-response\"><p role=\"status\" aria-live=\"polite\" aria-atomic=\"true\"><\/p> <ul><\/ul><\/div>\n<form action=\"\/web\/wp-json\/wp\/v2\/pages\/4981#wpcf7-f2652-o1\" method=\"post\" class=\"wpcf7-form init\" aria-label=\"Contact form\" novalidate=\"novalidate\" data-status=\"init\">\n<fieldset class=\"hidden-fields-container\"><input type=\"hidden\" name=\"_wpcf7\" value=\"2652\" \/><input type=\"hidden\" name=\"_wpcf7_version\" value=\"6.1.5\" \/><input type=\"hidden\" name=\"_wpcf7_locale\" value=\"en_US\" \/><input type=\"hidden\" name=\"_wpcf7_unit_tag\" value=\"wpcf7-f2652-o1\" \/><input type=\"hidden\" name=\"_wpcf7_container_post\" value=\"0\" \/><input type=\"hidden\" name=\"_wpcf7_posted_data_hash\" value=\"\" \/><input type=\"hidden\" name=\"_wpcf7_recaptcha_response\" value=\"\" \/>\n<\/fieldset>\n<div class=\"h2\">\n\t<p>\u00bfESTA INTERESADO\/A?\n\t<\/p>\n<\/div>\n<div class=\"h4\">\n\t<p>PONGASE EN CONTACTO CON NOSOTROS A TRAVES DE ESTE FORMULARIO :\n\t<\/p>\n<\/div>\n<div class=\"h7\">\n\t<p>\u00bfES USTED PARTICULAR O PERTENECE A UNA ORGANIZACION?\n\t<\/p>\n<\/div>\n<p><span class=\"wpcf7-form-control-wrap\" data-name=\"checkbox-587\"><span class=\"wpcf7-form-control wpcf7-checkbox wpcf7-validates-as-required\"><span class=\"wpcf7-list-item first\"><input type=\"checkbox\" name=\"checkbox-587[]\" value=\"Particular\" \/><span class=\"wpcf7-list-item-label\">Particular<\/span><\/span><span class=\"wpcf7-list-item\"><input type=\"checkbox\" name=\"checkbox-587[]\" value=\"Ayuntamiento\" \/><span class=\"wpcf7-list-item-label\">Ayuntamiento<\/span><\/span><span class=\"wpcf7-list-item\"><input type=\"checkbox\" name=\"checkbox-587[]\" value=\"Comisi\u00f3n de fiestas\" \/><span class=\"wpcf7-list-item-label\">Comisi\u00f3n de fiestas<\/span><\/span><span class=\"wpcf7-list-item\"><input type=\"checkbox\" name=\"checkbox-587[]\" value=\"Comisi\u00f3n fallera\" \/><span class=\"wpcf7-list-item-label\">Comisi\u00f3n fallera<\/span><\/span><span class=\"wpcf7-list-item\"><input type=\"checkbox\" name=\"checkbox-587[]\" value=\"Bodas\" \/><span class=\"wpcf7-list-item-label\">Bodas<\/span><\/span><span class=\"wpcf7-list-item\"><input type=\"checkbox\" name=\"checkbox-587[]\" value=\"Empresa\" \/><span class=\"wpcf7-list-item-label\">Empresa<\/span><\/span><span class=\"wpcf7-list-item last\"><input type=\"checkbox\" name=\"checkbox-587[]\" value=\"Otros\" \/><span class=\"wpcf7-list-item-label\">Otros<\/span><\/span><\/span><\/span>\n<\/p>\n<div class=\"cf7-style-05\">\n\t<div class=\"row\">\n\t\t<div class=\"col-xs-12 col-sm-6\">\n\t\t\t<p><span class=\"wpcf7-form-control-wrap\" data-name=\"your-name\"><input size=\"40\" maxlength=\"400\" class=\"wpcf7-form-control wpcf7-text wpcf7-validates-as-required\" aria-required=\"true\" aria-invalid=\"false\" placeholder=\"Nombre*\" value=\"\" type=\"text\" name=\"your-name\" \/><\/span>\n\t\t\t<\/p>\n\t\t<\/div>\n\t\t<div class=\"col-xs-12 col-sm-6\">\n\t\t\t<p><span class=\"wpcf7-form-control-wrap\" data-name=\"your-phone\"><input size=\"40\" maxlength=\"400\" class=\"wpcf7-form-control wpcf7-text wpcf7-validates-as-required\" aria-required=\"true\" aria-invalid=\"false\" placeholder=\"Telefono*\" value=\"\" type=\"text\" name=\"your-phone\" \/><\/span>\n\t\t\t<\/p>\n\t\t<\/div>\n\t<\/div>\n\t<div class=\"row\">\n\t\t<div class=\"col-xs-12 col-sm-6\">\n\t\t\t<p><span class=\"wpcf7-form-control-wrap\" data-name=\"your-email\"><input size=\"40\" maxlength=\"400\" class=\"wpcf7-form-control wpcf7-email wpcf7-validates-as-required wpcf7-text wpcf7-validates-as-email\" aria-required=\"true\" aria-invalid=\"false\" placeholder=\"Email*\" value=\"\" type=\"email\" name=\"your-email\" \/><\/span>\n\t\t\t<\/p>\n\t\t<\/div>\n\t\t<div class=\"col-xs-12 col-sm-6\">\n\t\t\t<p><span class=\"wpcf7-form-control-wrap\" data-name=\"your-place\"><input size=\"40\" maxlength=\"400\" class=\"wpcf7-form-control wpcf7-text wpcf7-validates-as-required\" aria-required=\"true\" aria-invalid=\"false\" placeholder=\"Localidad*\" value=\"\" type=\"text\" name=\"your-place\" \/><\/span>\n\t\t\t<\/p>\n\t\t<\/div>\n\t<\/div>\n\t<div class=\"row\">\n\t\t<div class=\"col-xs-12\">\n\t\t\t<p><span class=\"wpcf7-form-control-wrap\" data-name=\"your-message\"><textarea cols=\"40\" rows=\"5\" maxlength=\"2000\" class=\"wpcf7-form-control wpcf7-textarea wpcf7-validates-as-required\" aria-required=\"true\" aria-invalid=\"false\" placeholder=\"Mensaje\" name=\"your-message\"><\/textarea><\/span>\n\t\t\t<\/p>\n\t\t<\/div>\n\t<\/div>\n\t<div class=\"row\">\n\t\t<p><span class=\"wpcf7-form-control-wrap\" data-name=\"acceptance-780\"><span class=\"wpcf7-form-control wpcf7-acceptance\"><span class=\"wpcf7-list-item\"><label><input type=\"checkbox\" name=\"acceptance-780\" value=\"1\" aria-invalid=\"false\" \/><span class=\"wpcf7-list-item-label\">He le\u00eddo y acepto la pol\u00edtica de privacidad de este sitio web<\/span><\/label><\/span><\/span><\/span>\n\t\t<\/p>\n\t<\/div>\n\t<div class=\"row\">\n\t\t<div class=\"col-xs-12\">\n\t\t\t<p><input class=\"wpcf7-form-control wpcf7-submit has-spinner btn btn-style-flat btn-color-primary size-full\" type=\"submit\" value=\"ENVIAR\" \/>\n\t\t\t<\/p>\n\t\t<\/div>\n\t<\/div>\n<\/div><p style=\"display: none !important;\" class=\"akismet-fields-container\" data-prefix=\"_wpcf7_ak_\"><label>&#916;<textarea name=\"_wpcf7_ak_hp_textarea\" cols=\"45\" rows=\"8\" maxlength=\"100\"><\/textarea><\/label><input type=\"hidden\" id=\"ak_js_1\" name=\"_wpcf7_ak_js\" value=\"42\"\/><script>document.getElementById( \"ak_js_1\" ).setAttribute( \"value\", ( new Date() ).getTime() );<\/script><\/p><div class=\"wpcf7-response-output\" aria-hidden=\"true\"><\/div>\n<\/form>\n<\/div>\n[\/vc_column][\/vc_row]<\/p>\n<\/div>","protected":false},"excerpt":{"rendered":"<p>[vc_row][vc_column width=\u00bb1\/2&#8243;][vc_single_image image=\u00bb5166&#8243; img_size=\u00bb\u00bb alignment=\u00bbcenter\u00bb style=\u00bbvc_box_outline\u00bb onclick=\u00bblink_image\u00bb css=\u00bb\u00bb][\/vc_column][vc_column width=\u00bb1\/2&#8243;][vc_text_separator title=\u00bbSinopsis :\u00bb title_align=\u00bbseparator_align_left\u00bb][vc_column_text]Charlie, es un ni\u00f1o proveniente de una familia pobre que pasa la mayor parte&hellip;<\/p>\n","protected":false},"author":1,"featured_media":5166,"parent":0,"menu_order":0,"comment_status":"closed","ping_status":"open","template":"","meta":{"_joinchat":[],"footnotes":""},"class_list":["post-4981","page","type-page","status-publish","has-post-thumbnail","hentry"],"_links":{"self":[{"href":"https:\/\/www.espectaculossergiosevilla.com\/web\/wp-json\/wp\/v2\/pages\/4981","targetHints":{"allow":["GET"]}}],"collection":[{"href":"https:\/\/www.espectaculossergiosevilla.com\/web\/wp-json\/wp\/v2\/pages"}],"about":[{"href":"https:\/\/www.espectaculossergiosevilla.com\/web\/wp-json\/wp\/v2\/types\/page"}],"author":[{"embeddable":true,"href":"https:\/\/www.espectaculossergiosevilla.com\/web\/wp-json\/wp\/v2\/users\/1"}],"replies":[{"embeddable":true,"href":"https:\/\/www.espectaculossergiosevilla.com\/web\/wp-json\/wp\/v2\/comments?post=4981"}],"version-history":[{"count":9,"href":"https:\/\/www.espectaculossergiosevilla.com\/web\/wp-json\/wp\/v2\/pages\/4981\/revisions"}],"predecessor-version":[{"id":5167,"href":"https:\/\/www.espectaculossergiosevilla.com\/web\/wp-json\/wp\/v2\/pages\/4981\/revisions\/5167"}],"wp:featuredmedia":[{"embeddable":true,"href":"https:\/\/www.espectaculossergiosevilla.com\/web\/wp-json\/wp\/v2\/media\/5166"}],"wp:attachment":[{"href":"https:\/\/www.espectaculossergiosevilla.com\/web\/wp-json\/wp\/v2\/media?parent=4981"}],"curies":[{"name":"wp","href":"https:\/\/api.w.org\/{rel}","templated":true}]}}